{"id":546,"date":"2025-04-02T03:06:17","date_gmt":"2025-04-02T03:06:17","guid":{"rendered":"https:\/\/labm2.org\/blackbox\/?page_id=546"},"modified":"2025-07-15T02:24:59","modified_gmt":"2025-07-15T02:24:59","slug":"classes","status":"publish","type":"page","link":"http:\/\/blackboxgym.training\/es\/classes\/","title":{"rendered":"Clases"},"content":{"rendered":"<div data-elementor-type=\"wp-page\" data-elementor-id=\"546\" class=\"elementor elementor-546\" data-elementor-post-type=\"page\">\n\t\t\t\t<div class=\"elementor-element elementor-element-18a17d41 e-flex e-con-boxed e-con e-parent\" data-id=\"18a17d41\" data-element_type=\"container\" data-settings=\"{&quot;background_background&quot;:&quot;classic&quot;}\">\n\t\t\t\t\t<div class=\"e-con-inner\">\n\t\t<div class=\"elementor-element elementor-element-3b40a02d e-flex e-con-boxed e-con e-child\" data-id=\"3b40a02d\" data-element_type=\"container\" data-settings=\"{&quot;background_background&quot;:&quot;gradient&quot;}\">\n\t\t\t\t\t<div class=\"e-con-inner\">\n\t\t\t\t<div class=\"elementor-element elementor-element-444ddbad elementor-invisible elementor-widget elementor-widget-heading\" data-id=\"444ddbad\" data-element_type=\"widget\" data-settings=\"{&quot;_animation&quot;:&quot;fadeInUp&quot;,&quot;_animation_delay&quot;:300}\" data-widget_type=\"heading.default\">\n\t\t\t\t<div class=\"elementor-widget-container\">\n\t\t\t\t\t<h4 class=\"elementor-heading-title elementor-size-default\">Encuentre la clase de fitness perfecta para sus objetivos<\/h4>\t\t\t\t<\/div>\n\t\t\t\t<\/div>\n\t\t\t\t\t<\/div>\n\t\t\t\t<\/div>\n\t\t\t\t\t<\/div>\n\t\t\t\t<\/div>\n\t\t<div class=\"elementor-element elementor-element-633cd05 e-flex e-con-boxed e-con e-parent\" data-id=\"633cd05\" data-element_type=\"container\" data-settings=\"{&quot;background_background&quot;:&quot;classic&quot;}\">\n\t\t\t\t\t<div class=\"e-con-inner\">\n\t\t<div class=\"elementor-element elementor-element-7e123343 e-grid e-con-full e-con e-child\" data-id=\"7e123343\" data-element_type=\"container\">\n\t\t<div class=\"elementor-element elementor-element-2bbd3f0e e-con-full e-flex elementor-invisible e-con e-child\" data-id=\"2bbd3f0e\" data-element_type=\"container\" data-settings=\"{&quot;animation&quot;:&quot;fadeInLeft&quot;}\">\n\t\t\t\t<div class=\"elementor-element elementor-element-2d7c9139 elementor-widget elementor-widget-heading\" data-id=\"2d7c9139\" data-element_type=\"widget\" data-widget_type=\"heading.default\">\n\t\t\t\t<div class=\"elementor-widget-container\">\n\t\t\t\t\t<h2 class=\"elementor-heading-title elementor-size-default\">Clases destacadas<\/h2>\t\t\t\t<\/div>\n\t\t\t\t<\/div>\n\t\t\t\t<\/div>\n\t\t\t\t<\/div>\n\t\t<div class=\"elementor-element elementor-element-4767835a e-con-full e-grid e-con e-child\" data-id=\"4767835a\" data-element_type=\"container\">\n\t\t\t\t<div class=\"elementor-element elementor-element-12786e76 elementor-flip-box--effect-zoom-in elementor-invisible elementor-widget elementor-widget-flip-box\" data-id=\"12786e76\" data-element_type=\"widget\" data-settings=\"{&quot;_animation&quot;:&quot;fadeInDown&quot;}\" data-widget_type=\"flip-box.default\">\n\t\t\t\t<div class=\"elementor-widget-container\">\n\t\t\t\t\t\t\t<div class=\"elementor-flip-box\" tabindex=\"0\">\n\t\t\t<div class=\"elementor-flip-box__layer elementor-flip-box__front\">\n\t\t\t\t<div class=\"elementor-flip-box__layer__overlay\">\n\t\t\t\t\t<div class=\"elementor-flip-box__layer__inner\">\n\t\t\t\t\t\t\n\t\t\t\t\t\t\t\t\t\t\t\t\t<div class=\"elementor-flip-box__layer__title\">\n\t\t\t\t\t\t\t\tBBS\t\t\t\t\t\t\t<\/div>\n\t\t\t\t\t\t\n\t\t\t\t\t\t\t\t\t\t\t\t\t<div class=\"elementor-flip-box__layer__description\">\n\t\t\t\t\t\t\t\tes un tipo de entrenamiento de resistencia centrado en el desarrollo de la fuerza, el volumen y la estimulaci\u00f3n muscular. Se basa en ejercicios en los que se utilizan pesos libres, m\u00e1quinas, bandas de resistencia o incluso el peso corporal para lograr una sobrecarga progresiva y el crecimiento muscular.\t\t\t\t\t\t\t<\/div>\n\t\t\t\t\t\t\t\t\t\t\t<\/div>\n\t\t\t\t<\/div>\n\t\t\t<\/div>\n\t\t\t<div class=\"elementor-flip-box__layer elementor-flip-box__back\">\n\t\t\t<div class=\"elementor-flip-box__layer__overlay\">\n\t\t\t\t<div class=\"elementor-flip-box__layer__inner\">\n\t\t\t\t\t\t\t\t\t\t\t<div class=\"elementor-flip-box__layer__title\">\n\t\t\t\t\t\t\tBBS\t\t\t\t\t\t<\/div>\n\t\t\t\t\t\n\t\t\t\t\t\t\t\t\t\t\t<div class=\"elementor-flip-box__layer__description\">\n\t\t\t\t\t\t\tes un tipo de entrenamiento de resistencia centrado en el desarrollo de la fuerza, el volumen y la estimulaci\u00f3n muscular. Se basa en ejercicios en los que se utilizan pesos libres, m\u00e1quinas, bandas de resistencia o incluso el peso corporal para lograr una sobrecarga progresiva y el crecimiento muscular.\t\t\t\t\t\t<\/div>\n\t\t\t\t\t\n\t\t\t\t\t\t\t\t\t\t\t<a class=\"elementor-flip-box__button elementor-button elementor-size-sm\" href=\"http:\/\/blackboxgym.training\/es\/bbs-class-ignite-muscle-growth-maximize\/\">\n\t\t\t\t\t\t\tM\u00e1s informaci\u00f3n\t\t\t\t\t\t<\/a>\n\t\t\t\t\t\t\t\t<\/div>\n\t\t<\/div>\n\t\t<\/div>\n\t\t<\/div>\n\t\t\t\t\t\t<\/div>\n\t\t\t\t<\/div>\n\t\t\t\t<div class=\"elementor-element elementor-element-520a65e3 elementor-flip-box--effect-zoom-in elementor-invisible elementor-widget elementor-widget-flip-box\" data-id=\"520a65e3\" data-element_type=\"widget\" data-settings=\"{&quot;_animation&quot;:&quot;fadeInDown&quot;,&quot;_animation_delay&quot;:200}\" data-widget_type=\"flip-box.default\">\n\t\t\t\t<div class=\"elementor-widget-container\">\n\t\t\t\t\t\t\t<div class=\"elementor-flip-box\" tabindex=\"0\">\n\t\t\t<div class=\"elementor-flip-box__layer elementor-flip-box__front\">\n\t\t\t\t<div class=\"elementor-flip-box__layer__overlay\">\n\t\t\t\t\t<div class=\"elementor-flip-box__layer__inner\">\n\t\t\t\t\t\t\n\t\t\t\t\t\t\t\t\t\t\t\t\t<div class=\"elementor-flip-box__layer__title\">\n\t\t\t\t\t\t\t\tDelta\t\t\t\t\t\t\t<\/div>\n\t\t\t\t\t\t\n\t\t\t\t\t\t\t\t\t\t\t\t\t<div class=\"elementor-flip-box__layer__description\">\n\t\t\t\t\t\t\t\tInspirado en el acondicionamiento f\u00edsico de las fuerzas de \u00e9lite y los equipos de rescate, Delta Training est\u00e1 dise\u00f1ado para superar tus l\u00edmites y prepararte para cualquier cosa. A trav\u00e9s de una mezcla de deportes de combate, disciplinas de fuerza y movimientos basados en la resistencia, esta clase desaf\u00eda a tu cuerpo y a tu mente para que funcionen al m\u00e1ximo rendimiento, dentro y fuera del gimnasio.\t\t\t\t\t\t\t<\/div>\n\t\t\t\t\t\t\t\t\t\t\t<\/div>\n\t\t\t\t<\/div>\n\t\t\t<\/div>\n\t\t\t<div class=\"elementor-flip-box__layer elementor-flip-box__back\">\n\t\t\t<div class=\"elementor-flip-box__layer__overlay\">\n\t\t\t\t<div class=\"elementor-flip-box__layer__inner\">\n\t\t\t\t\t\t\t\t\t\t\t<div class=\"elementor-flip-box__layer__title\">\n\t\t\t\t\t\t\tDelta\t\t\t\t\t\t<\/div>\n\t\t\t\t\t\n\t\t\t\t\t\t\t\t\t\t\t<div class=\"elementor-flip-box__layer__description\">\n\t\t\t\t\t\t\tInspirado en el acondicionamiento f\u00edsico de las fuerzas de \u00e9lite y los equipos de rescate, Delta Training est\u00e1 dise\u00f1ado para superar tus l\u00edmites y prepararte para cualquier cosa. A trav\u00e9s de una mezcla de deportes de combate, disciplinas de fuerza y movimientos basados en la resistencia, esta clase desaf\u00eda a tu cuerpo y a tu mente para que funcionen al m\u00e1ximo rendimiento, dentro y fuera del gimnasio.\t\t\t\t\t\t<\/div>\n\t\t\t\t\t\n\t\t\t\t\t\t\t\t\t\t\t<a class=\"elementor-flip-box__button elementor-button elementor-size-sm\" href=\"http:\/\/blackboxgym.training\/es\/delta-class-tactical-conditioning-training\/\">\n\t\t\t\t\t\t\tM\u00e1s informaci\u00f3n\t\t\t\t\t\t<\/a>\n\t\t\t\t\t\t\t\t<\/div>\n\t\t<\/div>\n\t\t<\/div>\n\t\t<\/div>\n\t\t\t\t\t\t<\/div>\n\t\t\t\t<\/div>\n\t\t\t\t<div class=\"elementor-element elementor-element-112f1404 elementor-flip-box--effect-zoom-in elementor-invisible elementor-widget elementor-widget-flip-box\" data-id=\"112f1404\" data-element_type=\"widget\" data-settings=\"{&quot;_animation&quot;:&quot;fadeInUp&quot;,&quot;_animation_delay&quot;:300}\" data-widget_type=\"flip-box.default\">\n\t\t\t\t<div class=\"elementor-widget-container\">\n\t\t\t\t\t\t\t<div class=\"elementor-flip-box\" tabindex=\"0\">\n\t\t\t<div class=\"elementor-flip-box__layer elementor-flip-box__front\">\n\t\t\t\t<div class=\"elementor-flip-box__layer__overlay\">\n\t\t\t\t\t<div class=\"elementor-flip-box__layer__inner\">\n\t\t\t\t\t\t\n\t\t\t\t\t\t\t\t\t\t\t\t\t<div class=\"elementor-flip-box__layer__title\">\n\t\t\t\t\t\t\t\tClase Acero\t\t\t\t\t\t\t<\/div>\n\t\t\t\t\t\t\n\t\t\t\t\t\t\t\t\t\t\t\t\t<div class=\"elementor-flip-box__layer__description\">\n\t\t\t\t\t\t\t\tConsigue unos gl\u00fateos fuertes y bien formados con Acero, un programa especializado para la parte inferior del cuerpo centrado en la activaci\u00f3n muscular, el volumen y la fuerza. Desde la activaci\u00f3n hasta la sobrecarga, cada sesi\u00f3n est\u00e1 dise\u00f1ada para mejorar el rendimiento y la est\u00e9tica, una repetici\u00f3n potente cada vez.\t\t\t\t\t\t\t<\/div>\n\t\t\t\t\t\t\t\t\t\t\t<\/div>\n\t\t\t\t<\/div>\n\t\t\t<\/div>\n\t\t\t<div class=\"elementor-flip-box__layer elementor-flip-box__back\">\n\t\t\t<div class=\"elementor-flip-box__layer__overlay\">\n\t\t\t\t<div class=\"elementor-flip-box__layer__inner\">\n\t\t\t\t\t\t\t\t\t\t\t<div class=\"elementor-flip-box__layer__title\">\n\t\t\t\t\t\t\tClase Acero\t\t\t\t\t\t<\/div>\n\t\t\t\t\t\n\t\t\t\t\t\t\t\t\t\t\t<div class=\"elementor-flip-box__layer__description\">\n\t\t\t\t\t\t\tConsigue unos gl\u00fateos fuertes y bien formados con Acero, un programa especializado para la parte inferior del cuerpo centrado en la activaci\u00f3n muscular, el volumen y la fuerza. Desde la activaci\u00f3n hasta la sobrecarga, cada sesi\u00f3n est\u00e1 dise\u00f1ada para mejorar el rendimiento y la est\u00e9tica, una repetici\u00f3n potente cada vez.\t\t\t\t\t\t<\/div>\n\t\t\t\t\t\n\t\t\t\t\t\t\t\t\t\t\t<a class=\"elementor-flip-box__button elementor-button elementor-size-sm\" href=\"http:\/\/blackboxgym.training\/es\/acero-class\/\">\n\t\t\t\t\t\t\tM\u00e1s informaci\u00f3n\t\t\t\t\t\t<\/a>\n\t\t\t\t\t\t\t\t<\/div>\n\t\t<\/div>\n\t\t<\/div>\n\t\t<\/div>\n\t\t\t\t\t\t<\/div>\n\t\t\t\t<\/div>\n\t\t\t\t<div class=\"elementor-element elementor-element-12adb4f0 elementor-flip-box--effect-zoom-in elementor-invisible elementor-widget elementor-widget-flip-box\" data-id=\"12adb4f0\" data-element_type=\"widget\" data-settings=\"{&quot;_animation&quot;:&quot;fadeInUp&quot;}\" data-widget_type=\"flip-box.default\">\n\t\t\t\t<div class=\"elementor-widget-container\">\n\t\t\t\t\t\t\t<div class=\"elementor-flip-box\" tabindex=\"0\">\n\t\t\t<div class=\"elementor-flip-box__layer elementor-flip-box__front\">\n\t\t\t\t<div class=\"elementor-flip-box__layer__overlay\">\n\t\t\t\t\t<div class=\"elementor-flip-box__layer__inner\">\n\t\t\t\t\t\t\n\t\t\t\t\t\t\t\t\t\t\t\t\t<div class=\"elementor-flip-box__layer__title\">\n\t\t\t\t\t\t\t\tClase Cuadritos\t\t\t\t\t\t\t<\/div>\n\t\t\t\t\t\t\n\t\t\t\t\t\t\t\t\t\t\t\t\t<div class=\"elementor-flip-box__layer__description\">\n\t\t\t\t\t\t\t\tFuerza central. Definici\u00f3n visible. Control Total. Fortalece tus cimientos con Cuadritos, una clase centrada en el tronco y dise\u00f1ada para desarrollar la fuerza abdominal, el equilibrio y la estabilidad. Trabaja los abdominales, los oblicuos y los m\u00fasculos profundos del tronco para esculpir tu secci\u00f3n media y mejorar tu rendimiento en cada movimiento.\t\t\t\t\t\t\t<\/div>\n\t\t\t\t\t\t\t\t\t\t\t<\/div>\n\t\t\t\t<\/div>\n\t\t\t<\/div>\n\t\t\t<div class=\"elementor-flip-box__layer elementor-flip-box__back\">\n\t\t\t<div class=\"elementor-flip-box__layer__overlay\">\n\t\t\t\t<div class=\"elementor-flip-box__layer__inner\">\n\t\t\t\t\t\t\t\t\t\t\t<div class=\"elementor-flip-box__layer__title\">\n\t\t\t\t\t\t\tClase Cuadritos\t\t\t\t\t\t<\/div>\n\t\t\t\t\t\n\t\t\t\t\t\t\t\t\t\t\t<div class=\"elementor-flip-box__layer__description\">\n\t\t\t\t\t\t\tFuerza central. Definici\u00f3n visible. Control Total. Fortalece tus cimientos con Cuadritos, una clase centrada en el tronco y dise\u00f1ada para desarrollar la fuerza abdominal, el equilibrio y la estabilidad. Trabaja los abdominales, los oblicuos y los m\u00fasculos profundos del tronco para esculpir tu secci\u00f3n media y mejorar tu rendimiento en cada movimiento.\t\t\t\t\t\t<\/div>\n\t\t\t\t\t\n\t\t\t\t\t\t\t\t\t\t\t<a class=\"elementor-flip-box__button elementor-button elementor-size-sm\" href=\"http:\/\/blackboxgym.training\/es\/cuadritos-class\/\">\n\t\t\t\t\t\t\tM\u00e1s informaci\u00f3n\t\t\t\t\t\t<\/a>\n\t\t\t\t\t\t\t\t<\/div>\n\t\t<\/div>\n\t\t<\/div>\n\t\t<\/div>\n\t\t\t\t\t\t<\/div>\n\t\t\t\t<\/div>\n\t\t\t\t<\/div>\n\t\t\t\t\t<\/div>\n\t\t\t\t<\/div>\n\t\t\t\t<\/div>","protected":false},"excerpt":{"rendered":"<p>Encuentre la clase de fitness perfecta para sus objetivos Clases destacadas BBS es un tipo de entrenamiento de resistencia centrado en el desarrollo de la fuerza, el volumen y la estimulaci\u00f3n muscular. Se basa en ejercicios en los que se utilizan pesos libres, m\u00e1quinas, bandas de resistencia o incluso el peso corporal para lograr una sobrecarga progresiva y el crecimiento muscular. BBS es un tipo de entrenamiento de resistencia centrado en desarrollar [...]<\/p>","protected":false},"author":5,"featured_media":0,"parent":0,"menu_order":0,"comment_status":"closed","ping_status":"closed","template":"","meta":{"footnotes":""},"class_list":["post-546","page","type-page","status-publish","hentry"],"_links":{"self":[{"href":"http:\/\/blackboxgym.training\/es\/wp-json\/wp\/v2\/pages\/546","targetHints":{"allow":["GET"]}}],"collection":[{"href":"http:\/\/blackboxgym.training\/es\/wp-json\/wp\/v2\/pages"}],"about":[{"href":"http:\/\/blackboxgym.training\/es\/wp-json\/wp\/v2\/types\/page"}],"author":[{"embeddable":true,"href":"http:\/\/blackboxgym.training\/es\/wp-json\/wp\/v2\/users\/5"}],"replies":[{"embeddable":true,"href":"http:\/\/blackboxgym.training\/es\/wp-json\/wp\/v2\/comments?post=546"}],"version-history":[{"count":35,"href":"http:\/\/blackboxgym.training\/es\/wp-json\/wp\/v2\/pages\/546\/revisions"}],"predecessor-version":[{"id":2312,"href":"http:\/\/blackboxgym.training\/es\/wp-json\/wp\/v2\/pages\/546\/revisions\/2312"}],"wp:attachment":[{"href":"http:\/\/blackboxgym.training\/es\/wp-json\/wp\/v2\/media?parent=546"}],"curies":[{"name":"wp","href":"https:\/\/api.w.org\/{rel}","templated":true}]}}