{"id":683,"date":"2025-04-04T23:33:38","date_gmt":"2025-04-04T23:33:38","guid":{"rendered":"https:\/\/labm2.org\/blackbox\/?page_id=683"},"modified":"2025-06-26T14:59:45","modified_gmt":"2025-06-26T14:59:45","slug":"athletic-challenge","status":"publish","type":"page","link":"http:\/\/blackboxgym.training\/es\/athletic-challenge\/","title":{"rendered":"Desaf\u00edo Atl\u00e9tico"},"content":{"rendered":"<div data-elementor-type=\"wp-page\" data-elementor-id=\"683\" class=\"elementor elementor-683\" data-elementor-post-type=\"page\">\n\t\t\t\t<div class=\"elementor-element elementor-element-7402b9e6 e-flex e-con-boxed e-con e-parent\" data-id=\"7402b9e6\" data-element_type=\"container\" data-settings=\"{&quot;background_background&quot;:&quot;classic&quot;}\">\n\t\t\t\t\t<div class=\"e-con-inner\">\n\t\t<div class=\"elementor-element elementor-element-7d16b6a7 e-flex e-con-boxed e-con e-child\" data-id=\"7d16b6a7\" data-element_type=\"container\" data-settings=\"{&quot;background_background&quot;:&quot;gradient&quot;}\">\n\t\t\t\t\t<div class=\"e-con-inner\">\n\t\t\t\t<div class=\"elementor-element elementor-element-10099d60 elementor-invisible elementor-widget elementor-widget-heading\" data-id=\"10099d60\" data-element_type=\"widget\" data-settings=\"{&quot;_animation&quot;:&quot;fadeInUp&quot;,&quot;_animation_delay&quot;:200}\" data-widget_type=\"heading.default\">\n\t\t\t\t<div class=\"elementor-widget-container\">\n\t\t\t\t\t<h1 class=\"elementor-heading-title elementor-size-default\">Desaf\u00edo Atl\u00e9tico<\/h1>\t\t\t\t<\/div>\n\t\t\t\t<\/div>\n\t\t\t\t<div class=\"elementor-element elementor-element-7c188fe2 elementor-invisible elementor-widget elementor-widget-heading\" data-id=\"7c188fe2\" data-element_type=\"widget\" data-settings=\"{&quot;_animation&quot;:&quot;fadeInUp&quot;,&quot;_animation_delay&quot;:300}\" data-widget_type=\"heading.default\">\n\t\t\t\t<div class=\"elementor-widget-container\">\n\t\t\t\t\t<h4 class=\"elementor-heading-title elementor-size-default\">Fuerza, disciplina y confianza inquebrantable\n\n\n\n\n\n\n\n<\/h4>\t\t\t\t<\/div>\n\t\t\t\t<\/div>\n\t\t\t\t\t<\/div>\n\t\t\t\t<\/div>\n\t\t\t\t\t<\/div>\n\t\t\t\t<\/div>\n\t\t<div class=\"elementor-element elementor-element-6bffbb47 e-flex e-con-boxed e-con e-parent\" data-id=\"6bffbb47\" data-element_type=\"container\">\n\t\t\t\t\t<div class=\"e-con-inner\">\n\t\t<div class=\"elementor-element elementor-element-4d14ee30 e-con-full e-flex elementor-invisible e-con e-child\" data-id=\"4d14ee30\" data-element_type=\"container\" data-settings=\"{&quot;background_background&quot;:&quot;classic&quot;,&quot;animation&quot;:&quot;fadeInLeft&quot;}\">\n\t\t\t\t<div class=\"elementor-element elementor-element-b26f9db elementor-widget elementor-widget-image\" data-id=\"b26f9db\" data-element_type=\"widget\" data-widget_type=\"image.default\">\n\t\t\t\t<div class=\"elementor-widget-container\">\n\t\t\t\t\t\t\t\t\t\t\t\t\t\t\t<img fetchpriority=\"high\" decoding=\"async\" width=\"933\" height=\"1400\" src=\"https:\/\/blackboxgym.training\/wp-content\/uploads\/2025\/06\/Athletic-Challenge-3.jpg\" class=\"attachment-full size-full wp-image-2218\" alt=\"\" srcset=\"https:\/\/blackboxgym.training\/wp-content\/uploads\/2025\/06\/Athletic-Challenge-3.jpg.webp 933w, https:\/\/blackboxgym.training\/wp-content\/uploads\/2025\/06\/Athletic-Challenge-3-200x300.jpg.webp 200w, https:\/\/blackboxgym.training\/wp-content\/uploads\/2025\/06\/Athletic-Challenge-3-682x1024.jpg.webp 682w, https:\/\/blackboxgym.training\/wp-content\/uploads\/2025\/06\/Athletic-Challenge-3-768x1152.jpg.webp 768w, https:\/\/blackboxgym.training\/wp-content\/uploads\/2025\/06\/Athletic-Challenge-3-8x12.jpg.webp 8w, https:\/\/blackboxgym.training\/wp-content\/uploads\/2025\/06\/Athletic-Challenge-3-600x900.jpg.webp 600w\" sizes=\"(max-width: 933px) 100vw, 933px\" \/>\t\t\t\t\t\t\t\t\t\t\t\t\t\t\t<\/div>\n\t\t\t\t<\/div>\n\t\t\t\t<div class=\"elementor-element elementor-element-593939c8 elementor-absolute e-transform e-transform e-transform elementor-widget__width-initial elementor-widget elementor-widget-heading\" data-id=\"593939c8\" data-element_type=\"widget\" data-settings=\"{&quot;_position&quot;:&quot;absolute&quot;,&quot;_transform_rotateZ_effect&quot;:{&quot;unit&quot;:&quot;px&quot;,&quot;size&quot;:90,&quot;sizes&quot;:[]},&quot;_transform_flipX_effect&quot;:&quot;transform&quot;,&quot;_transform_flipY_effect&quot;:&quot;transform&quot;,&quot;_transform_rotateZ_effect_tablet&quot;:{&quot;unit&quot;:&quot;deg&quot;,&quot;size&quot;:&quot;&quot;,&quot;sizes&quot;:[]},&quot;_transform_rotateZ_effect_mobile&quot;:{&quot;unit&quot;:&quot;deg&quot;,&quot;size&quot;:&quot;&quot;,&quot;sizes&quot;:[]}}\" data-widget_type=\"heading.default\">\n\t\t\t\t<div class=\"elementor-widget-container\">\n\t\t\t\t\t<div class=\"elementor-heading-title elementor-size-default\">DESAF\u00cdO DEPORTIVO<\/div>\t\t\t\t<\/div>\n\t\t\t\t<\/div>\n\t\t\t\t<\/div>\n\t\t<div class=\"elementor-element elementor-element-176b6645 e-con-full e-flex elementor-invisible e-con e-child\" data-id=\"176b6645\" data-element_type=\"container\" data-settings=\"{&quot;animation&quot;:&quot;fadeInRight&quot;}\">\n\t\t\t\t<div class=\"elementor-element elementor-element-5a60eca3 elementor-widget elementor-widget-heading\" data-id=\"5a60eca3\" data-element_type=\"widget\" data-widget_type=\"heading.default\">\n\t\t\t\t<div class=\"elementor-widget-container\">\n\t\t\t\t\t<h6 class=\"elementor-heading-title elementor-size-default\">DESAF\u00cdO DEPORTIVO<\/h6>\t\t\t\t<\/div>\n\t\t\t\t<\/div>\n\t\t\t\t<div class=\"elementor-element elementor-element-7b4d17c8 elementor-widget elementor-widget-heading\" data-id=\"7b4d17c8\" data-element_type=\"widget\" data-widget_type=\"heading.default\">\n\t\t\t\t<div class=\"elementor-widget-container\">\n\t\t\t\t\t<h2 class=\"elementor-heading-title elementor-size-default\">Fuerza, disciplina y confianza inquebrantable<\/h2>\t\t\t\t<\/div>\n\t\t\t\t<\/div>\n\t\t\t\t<div class=\"elementor-element elementor-element-47bc993f elementor-widget elementor-widget-heading\" data-id=\"47bc993f\" data-element_type=\"widget\" data-widget_type=\"heading.default\">\n\t\t\t\t<div class=\"elementor-widget-container\">\n\t\t\t\t\t<div class=\"elementor-heading-title elementor-size-default\">Esto no es s\u00f3lo un reto. Es una transformaci\u00f3n completa.\n\nNo se trata s\u00f3lo de construir m\u00fasculo; se trata de crear un f\u00edsico poderoso y una mentalidad inquebrantable. Aqu\u00ed se entrena con un prop\u00f3sito, se come con estrategia y se camina con una confianza inquebrantable.<\/div>\t\t\t\t<\/div>\n\t\t\t\t<\/div>\n\t\t\t\t<div class=\"elementor-element elementor-element-602aef40 elementor-widget elementor-widget-icon-box\" data-id=\"602aef40\" data-element_type=\"widget\" data-widget_type=\"icon-box.default\">\n\t\t\t\t<div class=\"elementor-widget-container\">\n\t\t\t\t\t\t\t<div class=\"elementor-icon-box-wrapper\">\n\n\t\t\t\n\t\t\t\t\t\t<div class=\"elementor-icon-box-content\">\n\n\t\t\t\t\t\t\t\t\t<div class=\"elementor-icon-box-title\">\n\t\t\t\t\t\t<span  >\n\t\t\t\t\t\t\t\u00bfDE QU\u00c9 SE TRATA?\t\t\t\t\t\t<\/span>\n\t\t\t\t\t<\/div>\n\t\t\t\t\n\t\t\t\t\n\t\t\t<\/div>\n\t\t\t\n\t\t<\/div>\n\t\t\t\t\t\t<\/div>\n\t\t\t\t<\/div>\n\t\t\t\t<div class=\"elementor-element elementor-element-59989425 elementor-widget elementor-widget-icon-box\" data-id=\"59989425\" data-element_type=\"widget\" data-widget_type=\"icon-box.default\">\n\t\t\t\t<div class=\"elementor-widget-container\">\n\t\t\t\t\t\t\t<div class=\"elementor-icon-box-wrapper\">\n\n\t\t\t\n\t\t\t\t\t\t<div class=\"elementor-icon-box-content\">\n\n\t\t\t\t\n\t\t\t\t\t\t\t\t\t<p class=\"elementor-icon-box-description\">\n\t\t\t\t\t\t\nNo se trata de comer m\u00e1s, sino de comer mejor. Aprenda a alimentar su cuerpo para un crecimiento sin l\u00edmites.\n<br>\n<br>\n<strong>Mentalidad de hierro:<\/strong>\nUn f\u00edsico poderoso no es nada sin confianza. Aqu\u00ed forjamos hombres que se ven y se sienten imparables.\t\t\t\t\t<\/p>\n\t\t\t\t\n\t\t\t<\/div>\n\t\t\t\n\t\t<\/div>\n\t\t\t\t\t\t<\/div>\n\t\t\t\t<\/div>\n\t\t\t\t<div class=\"elementor-element elementor-element-6392624f elementor-view-stacked elementor-position-inline-start elementor-mobile-position-inline-start elementor-shape-circle elementor-widget elementor-widget-icon-box\" data-id=\"6392624f\" data-element_type=\"widget\" data-widget_type=\"icon-box.default\">\n\t\t\t\t<div class=\"elementor-widget-container\">\n\t\t\t\t\t\t\t<div class=\"elementor-icon-box-wrapper\">\n\n\t\t\t\t\t\t<div class=\"elementor-icon-box-icon\">\n\t\t\t\t<span  class=\"elementor-icon\">\n\t\t\t\t<svg aria-hidden=\"true\" class=\"e-font-icon-svg e-fas-brain\" viewbox=\"0 0 576 512\" xmlns=\"http:\/\/www.w3.org\/2000\/svg\"><path d=\"M208 0c-29.9 0-54.7 20.5-61.8 48.2-.8 0-1.4-.2-2.2-.2-35.3 0-64 28.7-64 64 0 4.8.6 9.5 1.7 14C52.5 138 32 166.6 32 200c0 12.6 3.2 24.3 8.3 34.9C16.3 248.7 0 274.3 0 304c0 33.3 20.4 61.9 49.4 73.9-.9 4.6-1.4 9.3-1.4 14.1 0 39.8 32.2 72 72 72 4.1 0 8.1-.5 12-1.2 9.6 28.5 36.2 49.2 68 49.2 39.8 0 72-32.2 72-72V64c0-35.3-28.7-64-64-64zm368 304c0-29.7-16.3-55.3-40.3-69.1 5.2-10.6 8.3-22.3 8.3-34.9 0-33.4-20.5-62-49.7-74 1-4.5 1.7-9.2 1.7-14 0-35.3-28.7-64-64-64-.8 0-1.5.2-2.2.2C422.7 20.5 397.9 0 368 0c-35.3 0-64 28.6-64 64v376c0 39.8 32.2 72 72 72 31.8 0 58.4-20.7 68-49.2 3.9.7 7.9 1.2 12 1.2 39.8 0 72-32.2 72-72 0-4.8-.5-9.5-1.4-14.1 29-12 49.4-40.6 49.4-73.9z\"><\/path><\/svg>\t\t\t\t<\/span>\n\t\t\t<\/div>\n\t\t\t\n\t\t\t\t\t\t<div class=\"elementor-icon-box-content\">\n\n\t\t\t\t\t\t\t\t\t<div class=\"elementor-icon-box-title\">\n\t\t\t\t\t\t<span  >\n\t\t\t\t\t\t\t<strong>M\u00fasculos de verdad, no ilusiones:\t\t\t\t\t\t<\/span>\n\t\t\t\t\t<\/div>\n\t\t\t\t\n\t\t\t\t\t\t\t\t\t<p class=\"elementor-icon-box-description\">\n\t\t\t\t\t\tAumente de tama\u00f1o y fuerza con entrenamientos dise\u00f1ados para crear una estructura s\u00f3lida y resistente.\t\t\t\t\t<\/p>\n\t\t\t\t\n\t\t\t<\/div>\n\t\t\t\n\t\t<\/div>\n\t\t\t\t\t\t<\/div>\n\t\t\t\t<\/div>\n\t\t\t\t<div class=\"elementor-element elementor-element-7429ccb elementor-view-stacked elementor-position-inline-start elementor-mobile-position-inline-start elementor-shape-circle elementor-widget elementor-widget-icon-box\" data-id=\"7429ccb\" data-element_type=\"widget\" data-widget_type=\"icon-box.default\">\n\t\t\t\t<div class=\"elementor-widget-container\">\n\t\t\t\t\t\t\t<div class=\"elementor-icon-box-wrapper\">\n\n\t\t\t\t\t\t<div class=\"elementor-icon-box-icon\">\n\t\t\t\t<span  class=\"elementor-icon\">\n\t\t\t\t<svg aria-hidden=\"true\" class=\"e-font-icon-svg e-fas-brain\" viewbox=\"0 0 576 512\" xmlns=\"http:\/\/www.w3.org\/2000\/svg\"><path d=\"M208 0c-29.9 0-54.7 20.5-61.8 48.2-.8 0-1.4-.2-2.2-.2-35.3 0-64 28.7-64 64 0 4.8.6 9.5 1.7 14C52.5 138 32 166.6 32 200c0 12.6 3.2 24.3 8.3 34.9C16.3 248.7 0 274.3 0 304c0 33.3 20.4 61.9 49.4 73.9-.9 4.6-1.4 9.3-1.4 14.1 0 39.8 32.2 72 72 72 4.1 0 8.1-.5 12-1.2 9.6 28.5 36.2 49.2 68 49.2 39.8 0 72-32.2 72-72V64c0-35.3-28.7-64-64-64zm368 304c0-29.7-16.3-55.3-40.3-69.1 5.2-10.6 8.3-22.3 8.3-34.9 0-33.4-20.5-62-49.7-74 1-4.5 1.7-9.2 1.7-14 0-35.3-28.7-64-64-64-.8 0-1.5.2-2.2.2C422.7 20.5 397.9 0 368 0c-35.3 0-64 28.6-64 64v376c0 39.8 32.2 72 72 72 31.8 0 58.4-20.7 68-49.2 3.9.7 7.9 1.2 12 1.2 39.8 0 72-32.2 72-72 0-4.8-.5-9.5-1.4-14.1 29-12 49.4-40.6 49.4-73.9z\"><\/path><\/svg>\t\t\t\t<\/span>\n\t\t\t<\/div>\n\t\t\t\n\t\t\t\t\t\t<div class=\"elementor-icon-box-content\">\n\n\t\t\t\t\t\t\t\t\t<div class=\"elementor-icon-box-title\">\n\t\t\t\t\t\t<span  >\n\t\t\t\t\t\t\t<strong>Nutrici\u00f3n inteligente:<\/strong>\t\t\t\t\t\t<\/span>\n\t\t\t\t\t<\/div>\n\t\t\t\t\n\t\t\t\t\t\t\t\t\t<p class=\"elementor-icon-box-description\">\n\t\t\t\t\t\tOrientaci\u00f3n para mejorar la motivaci\u00f3n, la concentraci\u00f3n y la resistencia mental a lo largo del reto.\t\t\t\t\t<\/p>\n\t\t\t\t\n\t\t\t<\/div>\n\t\t\t\n\t\t<\/div>\n\t\t\t\t\t\t<\/div>\n\t\t\t\t<\/div>\n\t\t\t\t<div class=\"elementor-element elementor-element-451fd78d elementor-view-stacked elementor-position-inline-start elementor-mobile-position-inline-start elementor-shape-circle elementor-widget elementor-widget-icon-box\" data-id=\"451fd78d\" data-element_type=\"widget\" data-widget_type=\"icon-box.default\">\n\t\t\t\t<div class=\"elementor-widget-container\">\n\t\t\t\t\t\t\t<div class=\"elementor-icon-box-wrapper\">\n\n\t\t\t\t\t\t<div class=\"elementor-icon-box-icon\">\n\t\t\t\t<span  class=\"elementor-icon\">\n\t\t\t\t<svg aria-hidden=\"true\" class=\"e-font-icon-svg e-fas-list-alt\" viewbox=\"0 0 512 512\" xmlns=\"http:\/\/www.w3.org\/2000\/svg\"><path d=\"M464 480H48c-26.51 0-48-21.49-48-48V80c0-26.51 21.49-48 48-48h416c26.51 0 48 21.49 48 48v352c0 26.51-21.49 48-48 48zM128 120c-22.091 0-40 17.909-40 40s17.909 40 40 40 40-17.909 40-40-17.909-40-40-40zm0 96c-22.091 0-40 17.909-40 40s17.909 40 40 40 40-17.909 40-40-17.909-40-40-40zm0 96c-22.091 0-40 17.909-40 40s17.909 40 40 40 40-17.909 40-40-17.909-40-40-40zm288-136v-32c0-6.627-5.373-12-12-12H204c-6.627 0-12 5.373-12 12v32c0 6.627 5.373 12 12 12h200c6.627 0 12-5.373 12-12zm0 96v-32c0-6.627-5.373-12-12-12H204c-6.627 0-12 5.373-12 12v32c0 6.627 5.373 12 12 12h200c6.627 0 12-5.373 12-12zm0 96v-32c0-6.627-5.373-12-12-12H204c-6.627 0-12 5.373-12 12v32c0 6.627 5.373 12 12 12h200c6.627 0 12-5.373 12-12z\"><\/path><\/svg>\t\t\t\t<\/span>\n\t\t\t<\/div>\n\t\t\t\n\t\t\t\t\t\t<div class=\"elementor-icon-box-content\">\n\n\t\t\t\t\t\t\t\t\t<div class=\"elementor-icon-box-title\">\n\t\t\t\t\t\t<span  >\n\t\t\t\t\t\t\tMentalidad de hierro:\t\t\t\t\t\t<\/span>\n\t\t\t\t\t<\/div>\n\t\t\t\t\n\t\t\t\t\t\t\t\t\t<p class=\"elementor-icon-box-description\">\n\t\t\t\t\t\tUn f\u00edsico poderoso no es nada sin confianza. Aqu\u00ed forjamos hombres que se ven y se sienten imparables.\t\t\t\t\t<\/p>\n\t\t\t\t\n\t\t\t<\/div>\n\t\t\t\n\t\t<\/div>\n\t\t\t\t\t\t<\/div>\n\t\t\t\t<\/div>\n\t\t\t\t<\/div>\n\t\t\t\t\t<\/div>\n\t\t\t\t<\/div>\n\t\t<div class=\"elementor-element elementor-element-6e4dc079 e-flex e-con-boxed e-con e-parent\" data-id=\"6e4dc079\" data-element_type=\"container\" data-settings=\"{&quot;background_background&quot;:&quot;classic&quot;}\">\n\t\t\t\t\t<div class=\"e-con-inner\">\n\t\t<div class=\"elementor-element elementor-element-9f5df56 e-con-full e-flex elementor-invisible e-con e-child\" data-id=\"9f5df56\" data-element_type=\"container\" data-settings=\"{&quot;background_background&quot;:&quot;gradient&quot;,&quot;animation&quot;:&quot;fadeInLeft&quot;}\">\n\t\t\t\t<div class=\"elementor-element elementor-element-6de3073f elementor-widget elementor-widget-heading\" data-id=\"6de3073f\" data-element_type=\"widget\" data-widget_type=\"heading.default\">\n\t\t\t\t<div class=\"elementor-widget-container\">\n\t\t\t\t\t<div class=\"elementor-heading-title elementor-size-default\">ESTE RETO NO ES PARA TODOS<\/div>\t\t\t\t<\/div>\n\t\t\t\t<\/div>\n\t\t\t\t<div class=\"elementor-element elementor-element-2ab15e69 elementor-widget elementor-widget-heading\" data-id=\"2ab15e69\" data-element_type=\"widget\" data-widget_type=\"heading.default\">\n\t\t\t\t<div class=\"elementor-widget-container\">\n\t\t\t\t\t<div class=\"elementor-heading-title elementor-size-default\"><img decoding=\"async\" role=\"img\" class=\"emoji\" alt=\"\u274c\" src=\"https:\/\/s.w.org\/images\/core\/emoji\/15.0.3\/svg\/274c.svg\"> <strong>Si buscas excusas, sigue so\u00f1ando.\n\n<br>\n<br><img decoding=\"async\" role=\"img\" class=\"emoji\" alt=\"\u274c\" src=\"https:\/\/s.w.org\/images\/core\/emoji\/15.0.3\/svg\/274c.svg\"> Si quieres resultados f\u00e1ciles, qu\u00e9date en tu zona de confort.\n\n<br>\n<br>\n<img decoding=\"async\" role=\"img\" class=\"emoji\" alt=\"\u2705\" src=\"https:\/\/s.w.org\/images\/core\/emoji\/15.0.3\/svg\/2705.svg\"> Pero si est\u00e1s listo para esculpir un f\u00edsico fuerte y caminar con la confianza de un atleta, tu momento es ahora.\n<br><br>\n<\/strong>No te limites a entrenar. <strong data-start=\"998\" data-end=\"1010\">CONQUISTAR.<\/strong><br data-start=\"1010\" data-end=\"1013\">\nNo te limites a crecer. <strong data-start=\"1030\" data-end=\"1043\">DOMINA.<\/strong><br data-start=\"1043\" data-end=\"1046\">\nBienvenido a la <strong data-start=\"1061\">DESAF\u00cdO ATL\u00c9TICO.<\/strong><\/div>\t\t\t\t<\/div>\n\t\t\t\t<\/div>\n\t\t\t\t<div class=\"elementor-element elementor-element-70a942a4 elementor-align-left elementor-widget elementor-widget-button\" data-id=\"70a942a4\" data-element_type=\"widget\" data-widget_type=\"button.default\">\n\t\t\t\t<div class=\"elementor-widget-container\">\n\t\t\t\t\t\t\t\t\t<div class=\"elementor-button-wrapper\">\n\t\t\t\t\t<a class=\"elementor-button elementor-button-link elementor-size-sm\" href=\"#\">\n\t\t\t\t\t\t<span class=\"elementor-button-content-wrapper\">\n\t\t\t\t\t\t\t\t\t<span class=\"elementor-button-text\">Comience hoy mismo su transformaci\u00f3n<\/span>\n\t\t\t\t\t<\/span>\n\t\t\t\t\t<\/a>\n\t\t\t\t<\/div>\n\t\t\t\t\t\t\t\t<\/div>\n\t\t\t\t<\/div>\n\t\t\t\t<\/div>\n\t\t\t\t\t<\/div>\n\t\t\t\t<\/div>\n\t\t\t\t<\/div>","protected":false},"excerpt":{"rendered":"<p>Fuerza, disciplina y confianza inquebrantable RETO ATL\u00c9TICO RETO ATL\u00c9TICO Fuerza, disciplina y confianza inquebrantable Esto no es s\u00f3lo un reto. Es una transformaci\u00f3n completa. No se trata s\u00f3lo de construir m\u00fasculo; se trata de crear un f\u00edsico poderoso y una mentalidad inquebrantable. Aqu\u00ed se entrena con un prop\u00f3sito, se come con estrategia y se camina con una confianza inquebrantable. \u00bfQU\u00c9 ES [...]<\/p>","protected":false},"author":5,"featured_media":0,"parent":0,"menu_order":0,"comment_status":"closed","ping_status":"closed","template":"","meta":{"footnotes":""},"class_list":["post-683","page","type-page","status-publish","hentry"],"_links":{"self":[{"href":"http:\/\/blackboxgym.training\/es\/wp-json\/wp\/v2\/pages\/683","targetHints":{"allow":["GET"]}}],"collection":[{"href":"http:\/\/blackboxgym.training\/es\/wp-json\/wp\/v2\/pages"}],"about":[{"href":"http:\/\/blackboxgym.training\/es\/wp-json\/wp\/v2\/types\/page"}],"author":[{"embeddable":true,"href":"http:\/\/blackboxgym.training\/es\/wp-json\/wp\/v2\/users\/5"}],"replies":[{"embeddable":true,"href":"http:\/\/blackboxgym.training\/es\/wp-json\/wp\/v2\/comments?post=683"}],"version-history":[{"count":19,"href":"http:\/\/blackboxgym.training\/es\/wp-json\/wp\/v2\/pages\/683\/revisions"}],"predecessor-version":[{"id":2221,"href":"http:\/\/blackboxgym.training\/es\/wp-json\/wp\/v2\/pages\/683\/revisions\/2221"}],"wp:attachment":[{"href":"http:\/\/blackboxgym.training\/es\/wp-json\/wp\/v2\/media?parent=683"}],"curies":[{"name":"wp","href":"https:\/\/api.w.org\/{rel}","templated":true}]}}