{"id":724,"date":"2025-04-19T03:53:31","date_gmt":"2025-04-19T03:53:31","guid":{"rendered":"https:\/\/labm2.org\/blackbox\/?post_type=product&#038;p=724"},"modified":"2025-05-15T21:48:07","modified_gmt":"2025-05-15T21:48:07","slug":"inlife-fat-burner-supplement-for-men-women-with-l-carnitine-green-tea-green-coffee-bean-natural-caffeine-l-theanine-piperine-extract-60-capsules","status":"publish","type":"product","link":"http:\/\/blackboxgym.training\/es\/producto\/inlife-fat-burner-supplement-for-men-women-with-l-carnitine-green-tea-green-coffee-bean-natural-caffeine-l-theanine-piperine-extract-60-capsules\/","title":{"rendered":"INLIFE Fat Burner Suplemento para Hombres Mujeres"},"content":{"rendered":"<p class=\"\" data-start=\"123\" data-end=\"561\"><strong data-start=\"123\" data-end=\"180\">INLIFE Fat Burner - Quema Grasa Inteligente para Hombres y Mujeres<\/strong><br data-start=\"180\" data-end=\"183\" \/>Comience la transformaci\u00f3n de su cuerpo con INLIFE Fat Burner - un suplemento de primera calidad formulado para hombres y mujeres que son serios acerca de los resultados. Impulsado por una mezcla limpia de <strong data-start=\"357\" data-end=\"372\">L-Carnitina<\/strong>, <strong data-start=\"374\" data-end=\"387\">T\u00e9 verde<\/strong>, <strong data-start=\"389\" data-end=\"410\">Grano de caf\u00e9 verde<\/strong>, <strong data-start=\"412\" data-end=\"432\">Cafe\u00edna natural<\/strong>, <strong data-start=\"434\" data-end=\"448\">L-teanina<\/strong>y <strong data-start=\"454\" data-end=\"474\" data-is-only-node=\"\">Extracto de piperina<\/strong>te ayuda a quemar grasa, aumentar la energ\u00eda y mantener la concentraci\u00f3n, todo ello con ingredientes naturales.<\/p>\n<p class=\"\" data-start=\"563\" data-end=\"894\">\u2705 <strong data-start=\"565\" data-end=\"590\">Aumenta tu metabolismo<\/strong> con el apoyo termog\u00e9nico del t\u00e9 verde y la cafe\u00edna natural.<br data-start=\"650\" data-end=\"653\" \/>\u2705 <strong data-start=\"655\" data-end=\"679\">Convierte la grasa en energ\u00eda<\/strong> con L-Carnitina para mejorar la resistencia y el rendimiento.<br data-start=\"736\" data-end=\"739\" \/>\u2705 <strong data-start=\"741\" data-end=\"765\">Mant\u00e9ngase alerta y concentrado<\/strong> con L-teanina y piperina: sin bajones, s\u00f3lo energ\u00eda limpia.<br data-start=\"825\" data-end=\"828\" \/>\u2705 <strong data-start=\"830\" data-end=\"847\">F\u00f3rmula limpia<\/strong>Sin estimulantes sint\u00e9ticos ni productos qu\u00edmicos agresivos.<\/p>\n<p class=\"\" data-start=\"896\" data-end=\"1141\">Tanto si est\u00e1s machacando tu <strong data-start=\"925\" data-end=\"945\">Reto del bikini<\/strong>, subiendo de nivel en el <strong data-start=\"966\" data-end=\"988\">Desaf\u00edo Atl\u00e9tico<\/strong>o evolucionando a trav\u00e9s de la <strong data-start=\"1014\" data-end=\"1031\">Desaf\u00edo ERA<\/strong>INLIFE Fat Burner es su mejor compa\u00f1ero para quemar grasa de forma inteligente y alcanzar sus objetivos f\u00edsicos m\u00e1s r\u00e1pido.<\/p>\n<p class=\"\" data-start=\"1143\" data-end=\"1188\"><strong data-start=\"1143\" data-end=\"1188\">No te limites a quemar grasa. Haz evolucionar tu forma f\u00edsica.<\/strong><\/p>","protected":false},"excerpt":{"rendered":"<p>Suplemento para Hombres Mujeres con L-Carnitina, T\u00e9 Verde, Grano de Caf\u00e9 Verde, Cafe\u00edna Natural, L-Teanina, Extracto de Piperina - 60 Comprimidos<\/p>","protected":false},"featured_media":1288,"comment_status":"open","ping_status":"closed","template":"","meta":[],"product_brand":[],"product_cat":[26],"product_tag":[],"class_list":{"0":"post-724","1":"product","2":"type-product","3":"status-publish","4":"has-post-thumbnail","6":"product_cat-suplements","8":"first","9":"instock","10":"shipping-taxable","11":"purchasable","12":"product-type-simple"},"_links":{"self":[{"href":"http:\/\/blackboxgym.training\/es\/wp-json\/wp\/v2\/product\/724","targetHints":{"allow":["GET"]}}],"collection":[{"href":"http:\/\/blackboxgym.training\/es\/wp-json\/wp\/v2\/product"}],"about":[{"href":"http:\/\/blackboxgym.training\/es\/wp-json\/wp\/v2\/types\/product"}],"replies":[{"embeddable":true,"href":"http:\/\/blackboxgym.training\/es\/wp-json\/wp\/v2\/comments?post=724"}],"wp:featuredmedia":[{"embeddable":true,"href":"http:\/\/blackboxgym.training\/es\/wp-json\/wp\/v2\/media\/1288"}],"wp:attachment":[{"href":"http:\/\/blackboxgym.training\/es\/wp-json\/wp\/v2\/media?parent=724"}],"wp:term":[{"taxonomy":"product_brand","embeddable":true,"href":"http:\/\/blackboxgym.training\/es\/wp-json\/wp\/v2\/product_brand?post=724"},{"taxonomy":"product_cat","embeddable":true,"href":"http:\/\/blackboxgym.training\/es\/wp-json\/wp\/v2\/product_cat?post=724"},{"taxonomy":"product_tag","embeddable":true,"href":"http:\/\/blackboxgym.training\/es\/wp-json\/wp\/v2\/product_tag?post=724"}],"curies":[{"name":"wp","href":"https:\/\/api.w.org\/{rel}","templated":true}]}}