{"id":726,"date":"2025-04-19T03:58:18","date_gmt":"2025-04-19T03:58:18","guid":{"rendered":"https:\/\/labm2.org\/blackbox\/?post_type=product&#038;p=726"},"modified":"2025-05-15T21:46:26","modified_gmt":"2025-05-15T21:46:26","slug":"inlife-glucosamine-tablets-for-joint-with-msm-calcium-vitamin-d3-cartilage-bone-health-supplement-60-tablets","status":"publish","type":"product","link":"http:\/\/blackboxgym.training\/es\/producto\/inlife-glucosamine-tablets-for-joint-with-msm-calcium-vitamin-d3-cartilage-bone-health-supplement-60-tablets\/","title":{"rendered":"INLIFE Glucosamina Comprimidos para Articulaciones"},"content":{"rendered":"<p class=\"\" data-start=\"62\" data-end=\"466\"><strong data-start=\"62\" data-end=\"116\">INLIFE Glucosamine - Apoyo avanzado para articulaciones y huesos<\/strong><br data-start=\"116\" data-end=\"119\" \/>Apoye su estilo de vida activo con <strong data-start=\"154\" data-end=\"184\">INLIFE Glucosamina Comprimidos<\/strong>formulado por expertos para mantener la flexibilidad de las articulaciones, reducir las molestias y fortalecer los huesos. Mezclado con <strong data-start=\"291\" data-end=\"298\">MSM<\/strong>, <strong data-start=\"300\" data-end=\"311\">Calcio<\/strong>y <strong data-start=\"317\" data-end=\"331\">Vitamina D3<\/strong>Este suplemento favorece la reparaci\u00f3n del cart\u00edlago y la funci\u00f3n general de las articulaciones, lo que resulta ideal para quienes se esfuerzan al m\u00e1ximo en el entrenamiento y la recuperaci\u00f3n.<\/p>\n<p class=\"\" data-start=\"468\" data-end=\"771\">\u2705 <strong data-start=\"470\" data-end=\"491\">Glucosamina y MSM<\/strong> trabajan conjuntamente para favorecer la estructura y la movilidad de las articulaciones.<br data-start=\"546\" data-end=\"549\" \/>\u2705 <strong data-start=\"551\" data-end=\"575\">Calcio + Vitamina D3<\/strong> mejorar la resistencia \u00f3sea y reducir el riesgo de lesiones.<br data-start=\"624\" data-end=\"627\" \/>\u2705 Perfecto para las fases de recuperaci\u00f3n en los entrenamientos de fuerza y funcionales.<br data-start=\"702\" data-end=\"705\" \/>\u2705 Ayuda a reducir la inflamaci\u00f3n y favorece la salud articular a largo plazo.<\/p>\n<p class=\"\" data-start=\"773\" data-end=\"995\">Tanto si est\u00e1 inmerso en el <strong data-start=\"802\" data-end=\"824\">Desaf\u00edo Atl\u00e9tico<\/strong>Ya sea para un entrenamiento multifuncional intenso o simplemente para proteger sus articulaciones, la glucosamina INLIFE es su apoyo diario para un cuerpo m\u00e1s fuerte y resistente.<\/p>\n<p class=\"\" data-start=\"997\" data-end=\"1047\"><strong data-start=\"997\" data-end=\"1045\">Entrena m\u00e1s. Recup\u00e9rate mejor. Mu\u00e9vete con m\u00e1s fuerza.<\/strong><\/p>","protected":false},"excerpt":{"rendered":"<p>Con MSM Calcio y Vitamina D3 | Cart\u00edlago, Suplemento para la Salud \u00d3sea - 60 Comprimidos<\/p>","protected":false},"featured_media":1256,"comment_status":"open","ping_status":"closed","template":"","meta":[],"product_brand":[],"product_cat":[26],"product_tag":[],"class_list":{"0":"post-726","1":"product","2":"type-product","3":"status-publish","4":"has-post-thumbnail","6":"product_cat-suplements","8":"first","9":"instock","10":"shipping-taxable","11":"purchasable","12":"product-type-simple"},"_links":{"self":[{"href":"http:\/\/blackboxgym.training\/es\/wp-json\/wp\/v2\/product\/726","targetHints":{"allow":["GET"]}}],"collection":[{"href":"http:\/\/blackboxgym.training\/es\/wp-json\/wp\/v2\/product"}],"about":[{"href":"http:\/\/blackboxgym.training\/es\/wp-json\/wp\/v2\/types\/product"}],"replies":[{"embeddable":true,"href":"http:\/\/blackboxgym.training\/es\/wp-json\/wp\/v2\/comments?post=726"}],"wp:featuredmedia":[{"embeddable":true,"href":"http:\/\/blackboxgym.training\/es\/wp-json\/wp\/v2\/media\/1256"}],"wp:attachment":[{"href":"http:\/\/blackboxgym.training\/es\/wp-json\/wp\/v2\/media?parent=726"}],"wp:term":[{"taxonomy":"product_brand","embeddable":true,"href":"http:\/\/blackboxgym.training\/es\/wp-json\/wp\/v2\/product_brand?post=726"},{"taxonomy":"product_cat","embeddable":true,"href":"http:\/\/blackboxgym.training\/es\/wp-json\/wp\/v2\/product_cat?post=726"},{"taxonomy":"product_tag","embeddable":true,"href":"http:\/\/blackboxgym.training\/es\/wp-json\/wp\/v2\/product_tag?post=726"}],"curies":[{"name":"wp","href":"https:\/\/api.w.org\/{rel}","templated":true}]}}