{"id":730,"date":"2025-04-19T04:06:14","date_gmt":"2025-04-19T04:06:14","guid":{"rendered":"https:\/\/labm2.org\/blackbox\/?post_type=product&#038;p=730"},"modified":"2025-05-15T21:45:44","modified_gmt":"2025-05-15T21:45:44","slug":"inlife-hydrolysed-collagen-peptides-supplement-with-glucosamine-hyaluronic-acid-vitamin-c-biotin-200-mg","status":"publish","type":"product","link":"http:\/\/blackboxgym.training\/es\/producto\/inlife-hydrolysed-collagen-peptides-supplement-with-glucosamine-hyaluronic-acid-vitamin-c-biotin-200-mg\/","title":{"rendered":"Col\u00e1geno hidrolizado INLIFE"},"content":{"rendered":"<p class=\"\" data-start=\"62\" data-end=\"497\"><strong data-start=\"62\" data-end=\"129\">Col\u00e1geno hidrolizado INLIFE - Belleza y apoyo articular desde el interior<\/strong><br data-start=\"129\" data-end=\"132\" \/>Aumente su rendimiento y apariencia con <strong data-start=\"174\" data-end=\"213\">P\u00e9ptidos de col\u00e1geno hidrolizado INLIFE<\/strong>una potente mezcla de <strong data-start=\"237\" data-end=\"252\">Glucosamina<\/strong>, <strong data-start=\"254\" data-end=\"273\">\u00c1cido hialur\u00f3nico<\/strong>, <strong data-start=\"275\" data-end=\"288\">Vitamina C<\/strong>y <strong data-start=\"294\" data-end=\"304\">Biotina<\/strong>. Dise\u00f1ado para apoyar la salud de las articulaciones, la elasticidad de la piel y la recuperaci\u00f3n general, es el suplemento diario perfecto para atletas y entusiastas del fitness que se preocupan por c\u00f3mo se sienten y c\u00f3mo se ven.<\/p>\n<p class=\"\" data-start=\"499\" data-end=\"785\">\u2705 <strong data-start=\"501\" data-end=\"533\">P\u00e9ptidos de col\u00e1geno hidrolizado<\/strong> para favorecer la firmeza de la piel y la fuerza de las articulaciones.<br data-start=\"578\" data-end=\"581\" \/>\u2705 <strong data-start=\"583\" data-end=\"616\">Glucosamina y \u00e1cido hialur\u00f3nico<\/strong> para un movimiento articular y una recuperaci\u00f3n m\u00e1s suaves.<br data-start=\"658\" data-end=\"661\" \/>\u2705 <strong data-start=\"663\" data-end=\"676\">Vitamina C<\/strong> para reforzar la s\u00edntesis de col\u00e1geno y el sistema inmunitario.<br data-start=\"724\" data-end=\"727\" \/>\u2705 <strong data-start=\"729\" data-end=\"739\">Biotina<\/strong> para un cabello y unas u\u00f1as m\u00e1s fuertes y una piel radiante.<\/p>\n<p class=\"\" data-start=\"787\" data-end=\"967\">Un complemento perfecto para cualquier programa de transformaci\u00f3n - desde el <strong data-start=\"849\" data-end=\"869\">Reto del bikini<\/strong> a la <strong data-start=\"877\" data-end=\"894\">Desaf\u00edo ERA<\/strong> - esta f\u00f3rmula te ayuda a recuperarte m\u00e1s r\u00e1pido, a brillar m\u00e1s y a moverte mejor.<\/p>\n<p class=\"\" data-start=\"969\" data-end=\"1003\"><strong data-start=\"969\" data-end=\"1001\">Entrena fuerte. Brilla con m\u00e1s fuerza.<\/strong><\/p>","protected":false},"excerpt":{"rendered":"<p>Suplemento de P\u00e9ptidos con Glucosamina, \u00c1cido Hialur\u00f3nico, Vitamina C, Biotina (200 mg)<\/p>","protected":false},"featured_media":1286,"comment_status":"open","ping_status":"closed","template":"","meta":[],"product_brand":[],"product_cat":[26],"product_tag":[],"class_list":{"0":"post-730","1":"product","2":"type-product","3":"status-publish","4":"has-post-thumbnail","6":"product_cat-suplements","8":"first","9":"instock","10":"shipping-taxable","11":"purchasable","12":"product-type-simple"},"_links":{"self":[{"href":"http:\/\/blackboxgym.training\/es\/wp-json\/wp\/v2\/product\/730","targetHints":{"allow":["GET"]}}],"collection":[{"href":"http:\/\/blackboxgym.training\/es\/wp-json\/wp\/v2\/product"}],"about":[{"href":"http:\/\/blackboxgym.training\/es\/wp-json\/wp\/v2\/types\/product"}],"replies":[{"embeddable":true,"href":"http:\/\/blackboxgym.training\/es\/wp-json\/wp\/v2\/comments?post=730"}],"wp:featuredmedia":[{"embeddable":true,"href":"http:\/\/blackboxgym.training\/es\/wp-json\/wp\/v2\/media\/1286"}],"wp:attachment":[{"href":"http:\/\/blackboxgym.training\/es\/wp-json\/wp\/v2\/media?parent=730"}],"wp:term":[{"taxonomy":"product_brand","embeddable":true,"href":"http:\/\/blackboxgym.training\/es\/wp-json\/wp\/v2\/product_brand?post=730"},{"taxonomy":"product_cat","embeddable":true,"href":"http:\/\/blackboxgym.training\/es\/wp-json\/wp\/v2\/product_cat?post=730"},{"taxonomy":"product_tag","embeddable":true,"href":"http:\/\/blackboxgym.training\/es\/wp-json\/wp\/v2\/product_tag?post=730"}],"curies":[{"name":"wp","href":"https:\/\/api.w.org\/{rel}","templated":true}]}}