{"id":732,"date":"2025-04-19T04:09:32","date_gmt":"2025-04-19T04:09:32","guid":{"rendered":"https:\/\/labm2.org\/blackbox\/?post_type=product&#038;p=732"},"modified":"2025-05-15T21:45:29","modified_gmt":"2025-05-15T21:45:29","slug":"inlife-hydrolyzed-collagen-peptides-powder-clinically-proven-ingredient-type-1-3-skin-health-bone-health-supplement-200-mg-unflavoured","status":"publish","type":"product","link":"http:\/\/blackboxgym.training\/es\/producto\/inlife-hydrolyzed-collagen-peptides-powder-clinically-proven-ingredient-type-1-3-skin-health-bone-health-supplement-200-mg-unflavoured\/","title":{"rendered":"Col\u00e1geno hidrolizado INLIFE"},"content":{"rendered":"<p class=\"\" data-start=\"55\" data-end=\"463\"><strong data-start=\"55\" data-end=\"136\">Col\u00e1geno hidrolizado INLIFE - Apoyo cl\u00ednicamente respaldado para la salud de la piel y los huesos<\/strong><br data-start=\"136\" data-end=\"139\" \/>Refuerce su bienestar desde el interior con <strong data-start=\"188\" data-end=\"234\">P\u00e9ptidos de col\u00e1geno hidrolizados en polvo INLIFE<\/strong>con col\u00e1geno de tipo I y III cl\u00ednicamente probado. Dise\u00f1ado para <strong data-start=\"307\" data-end=\"326\">elasticidad de la piel<\/strong>, <strong data-start=\"328\" data-end=\"345\">resistencia \u00f3sea<\/strong>y <strong data-start=\"351\" data-end=\"371\">recuperaci\u00f3n general<\/strong>Esta f\u00f3rmula sin sabor es perfecta para el uso diario: incorp\u00f3rela sin esfuerzo a su rutina.<\/p>\n<p class=\"\" data-start=\"465\" data-end=\"792\">\u2705 <strong data-start=\"467\" data-end=\"492\">Col\u00e1geno tipo I y III<\/strong> para mejorar la textura de la piel, la hidrataci\u00f3n y la densidad \u00f3sea.<br data-start=\"546\" data-end=\"549\" \/>\u2705 <strong data-start=\"551\" data-end=\"584\">Ingredientes cl\u00ednicamente probados<\/strong> para una absorci\u00f3n eficaz y unos resultados visibles.<br data-start=\"630\" data-end=\"633\" \/>\u2705 Soportes <strong data-start=\"644\" data-end=\"662\">movilidad articular<\/strong>, <strong data-start=\"664\" data-end=\"685\">regeneraci\u00f3n \u00f3sea<\/strong>y <strong data-start=\"691\" data-end=\"712\">rejuvenecimiento cut\u00e1neo<\/strong>.<br data-start=\"713\" data-end=\"716\" \/>\u2705 Polvo sin sabor: ideal para batidos, smoothies o cualquier bebida diaria.<\/p>\n<p class=\"\" data-start=\"794\" data-end=\"924\">Un suplemento ideal para todos los retos BlackBox, que te ayudar\u00e1 a recuperarte m\u00e1s fuerte, a moverte mejor y a sentirte m\u00e1s seguro en tu piel.<\/p>\n<p class=\"\" data-start=\"926\" data-end=\"978\"><strong data-start=\"926\" data-end=\"976\">Huesos m\u00e1s fuertes. Piel m\u00e1s suave. A una cucharada de distancia.<\/strong><\/p>","protected":false},"excerpt":{"rendered":"<p>P\u00e9ptidos en Polvo Ingrediente Cl\u00ednicamente Probado, Tipo 1 &amp; 3, Salud de la Piel, Suplemento para la Salud \u00d3sea - 200 mg (Sin sabor)<\/p>","protected":false},"featured_media":1287,"comment_status":"open","ping_status":"closed","template":"","meta":[],"product_brand":[],"product_cat":[26],"product_tag":[],"class_list":{"0":"post-732","1":"product","2":"type-product","3":"status-publish","4":"has-post-thumbnail","6":"product_cat-suplements","8":"first","9":"instock","10":"shipping-taxable","11":"purchasable","12":"product-type-simple"},"_links":{"self":[{"href":"http:\/\/blackboxgym.training\/es\/wp-json\/wp\/v2\/product\/732","targetHints":{"allow":["GET"]}}],"collection":[{"href":"http:\/\/blackboxgym.training\/es\/wp-json\/wp\/v2\/product"}],"about":[{"href":"http:\/\/blackboxgym.training\/es\/wp-json\/wp\/v2\/types\/product"}],"replies":[{"embeddable":true,"href":"http:\/\/blackboxgym.training\/es\/wp-json\/wp\/v2\/comments?post=732"}],"wp:featuredmedia":[{"embeddable":true,"href":"http:\/\/blackboxgym.training\/es\/wp-json\/wp\/v2\/media\/1287"}],"wp:attachment":[{"href":"http:\/\/blackboxgym.training\/es\/wp-json\/wp\/v2\/media?parent=732"}],"wp:term":[{"taxonomy":"product_brand","embeddable":true,"href":"http:\/\/blackboxgym.training\/es\/wp-json\/wp\/v2\/product_brand?post=732"},{"taxonomy":"product_cat","embeddable":true,"href":"http:\/\/blackboxgym.training\/es\/wp-json\/wp\/v2\/product_cat?post=732"},{"taxonomy":"product_tag","embeddable":true,"href":"http:\/\/blackboxgym.training\/es\/wp-json\/wp\/v2\/product_tag?post=732"}],"curies":[{"name":"wp","href":"https:\/\/api.w.org\/{rel}","templated":true}]}}